{"id":11,"date":"2024-02-20T16:07:31","date_gmt":"2024-02-20T15:07:31","guid":{"rendered":"https:\/\/ressourcesetstrategies.fr\/?page_id=11"},"modified":"2024-02-20T18:04:10","modified_gmt":"2024-02-20T17:04:10","slug":"reseau-ressources-et-strategies","status":"publish","type":"page","link":"https:\/\/ressourcesetstrategies.fr\/","title":{"rendered":"R\u00e9seau Ressources et Strat\u00e9gies"},"content":{"rendered":"<p>Experte en Coaching et en Formation Professionnelle \u00e0 Reims, j&rsquo;accompagne des personnes et des groupes, dans le cadre de leur travail.<a href=\"https:\/\/www.cpconseilformation.fr\/\" target=\"_blank\" rel=\"noopener\"><img loading=\"lazy\" decoding=\"async\" src=\"http:\/\/ressourcesetstrategies.fr\/wp-content\/uploads\/2024\/02\/Celine-PAUL-Membre-RS-150x150.jpg\" alt=\"C\u00e9line PAUL membre du R\u00e9seau Ressources et Strat\u00e9gies\" width=\"150\" height=\"150\" \/><\/a><\/p>\n<p>\u00a0 \u00a0 \u00a0 \u00a0 \u00a0 \u00a0 \u00a0 \u00a0 \u00a0 \u00a0 \u00a0 \u00a0 \u00a0 \u00a0 \u00a0 \u00a0 \u00a0 \u00a0 \u00a0 \u00a0 \u00a0 \u00a0 \u00a0 \u00a0 \u00a0 \u00a0 \u00a0 \u00a0 \u00a0C\u00e9line PAUL<\/p>\n<p><a href=\"https:\/\/www.cpconseilformation.fr\/formations\/\" target=\"_blank\" rel=\"noopener\">\u00a0 \u00a0 \u00a0 \u00a0Acc\u00e8s aux formations sur son site internet : cpconseilformation.fr<\/a><\/p>\n<p>\u00ab\u00a0Ensemble, nous nous interrogeons sur nos pratiques. Nous faisons \u00e9voluer nos contenus et nos techniques p\u00e9dagogiques pour d\u00e9velopper professionnalisme et enthousiasme ! Nous r\u00e9pondons \u00e0 vos demandes en vous proposant des parcours sur-mesure pour d\u00e9velopper les comp\u00e9tences de vos collaborateurs.\u00a0\u00bb<\/p>\n<p><a href=\"https:\/\/amconseiletcoaching.fr\/\"><img loading=\"lazy\" decoding=\"async\" src=\"http:\/\/ressourcesetstrategies.fr\/wp-content\/uploads\/2024\/02\/Photo-Profil2020-recadree-150x150.jpg\" alt=\"Ang\u00e9lique MAIRE, membre du R\u00e9seau Ressources et Strat\u00e9gies\" width=\"150\" height=\"150\" \/><\/a>Consultante, Formatrice,\u00a0 Coach PNL et Dialogue Int\u00e9rieur, j&rsquo;accompagne Comit\u00e9s de Direction, Cadres et Collaborateurs, en :<\/p>\n<ul>\n<li>Management,<\/li>\n<li>Communication interpersonnelle,<\/li>\n<li>D\u00e9veloppement Commercial.<\/li>\n<\/ul>\n<p>\u00a0 \u00a0 \u00a0 \u00a0 \u00a0 \u00a0 \u00a0 \u00a0 \u00a0 \u00a0 \u00a0 \u00a0 \u00a0 \u00a0 \u00a0 \u00a0 \u00a0 \u00a0 \u00a0 \u00a0 \u00a0 \u00a0 \u00a0 \u00a0 \u00a0 \u00a0 \u00a0Ang\u00e9lique MAIRE<\/p>\n<p><a href=\"https:\/\/amconseiletcoaching.fr\/catalogue-des-formations\/\">\u00a0 \u00a0 \u00a0 Acc\u00e8s aux formations sur son site internet : amconseiletcoaching.fr<\/a><\/p>\n<p>Ce qui nous rassemble au sein du R\u00e9seau Ressources et Strat\u00e9gies :<\/p>\n<ul>\n<li>une \u00e9thique commune,<\/li>\n<li>des outils op\u00e9rants,<\/li>\n<li>une approche globale des situations, des organisations et des personnes.<\/li>\n<\/ul>\n<p><em>\u00ab\u00a0Apr\u00e8s avoir cr\u00e9\u00e9 et dirig\u00e9 Ressources et Strat\u00e9gies pendant trente deux ans, j&rsquo;ai \u00e9t\u00e9 amen\u00e9 \u00e0 modifier notre panorama professionnel en 2015 :<\/em><\/p>\n<p><em>Ressources et Strat\u00e9gies est devenue alors la marque :<\/em><\/p>\n<p><img loading=\"lazy\" decoding=\"async\" src=\"http:\/\/ressourcesetstrategies.fr\/wp-content\/uploads\/2024\/02\/cropped-logoRS-150x150.jpg\" alt=\"Ressources et Strat\u00e9gies\" width=\"91\" height=\"91\" \/><\/p>\n<p>R\u00e9seau Ressources et Strat\u00e9gies.<\/p>\n<p><em>Cette marque f\u00e9d\u00e8re\u00a0 des consultants senior qui suivent la m\u00eame ligne \u00e9ditoriale qui fut la notre depuis toujours : <strong>\u00e9thique et pragmatisme<\/strong>.\u00a0\u00bb<\/em><\/p>\n<p>G\u00e9rard SZYMANSKI, juin 2015<\/p>\n<p><a href=\"https:\/\/www.linkedin.com\/in\/isabelle-demarcy-b92a3259\/?originalSubdomain=fr\" target=\"_blank\" rel=\"noopener\"><img loading=\"lazy\" decoding=\"async\" src=\"http:\/\/ressourcesetstrategies.fr\/wp-content\/uploads\/2024\/02\/Isabelle-DEMARCY.bmp\" alt=\"\" width=\"109\" height=\"125\" \/><\/a>Co-fondatrice de Ressources et Strat\u00e9gies, j&rsquo;interviens dans le domaine des relations humaines depuis plus de 30 ans en entreprise, pour les particuliers, et dans le monde de la sant\u00e9.<\/p>\n<p>Isabelle DEMARCY<\/p>\n<p><a href=\"https:\/\/www.linkedin.com\/in\/g%C3%A9rard-szymanski-35308513\/?originalSubdomain=fr\" target=\"_blank\" rel=\"noopener\"><img loading=\"lazy\" decoding=\"async\" src=\"http:\/\/ressourcesetstrategies.fr\/wp-content\/uploads\/2024\/02\/Gerard-SZYMANSKI.jpg\" alt=\"\" width=\"91\" height=\"118\" \/><\/a><\/p>\n<ul>\n<li>Coaching pour dirigeants et cadres,<\/li>\n<li>Interventions aupr\u00e8s des comit\u00e9s de direction et conseils d\u2019administration en coh\u00e9sion d\u2019\u00e9quipe,<\/li>\n<li>Accompagnement des personnes en d\u00e9veloppement personnel.\u00a0 \u00a0 \u00a0 \u00a0 \u00a0 \u00a0 \u00a0 \u00a0 \u00a0 \u00a0 \u00a0 \u00a0 \u00a0 \u00a0 \u00a0 \u00a0 \u00a0 \u00a0 \u00a0 \u00a0 \u00a0 \u00a0 \u00a0 \u00a0 \u00a0G\u00e9rard SZYMANSKI<\/li>\n<\/ul>\n","protected":false},"excerpt":{"rendered":"<p>Experte en Coaching et en Formation Professionnelle \u00e0 Reims, j&rsquo;accompagne des personnes et des groupes, dans le cadre de leur travail. \u00a0 \u00a0 \u00a0 \u00a0 \u00a0 \u00a0 \u00a0 \u00a0 \u00a0 \u00a0 \u00a0 \u00a0 \u00a0 \u00a0 \u00a0 \u00a0 \u00a0 \u00a0 \u00a0 \u00a0 \u00a0 \u00a0 \u00a0 \u00a0 \u00a0 \u00a0 \u00a0 \u00a0 \u00a0C\u00e9line PAUL \u00a0 \u00a0 \u00a0 \u00a0Acc\u00e8s aux formations sur son site internet : cpconseilformation.fr \u00ab\u00a0Ensemble, nous nous interrogeons sur nos pratiques. Nous faisons \u00e9voluer nos contenus et nos techniques p\u00e9dagogiques pour d\u00e9velopper professionnalisme et enthousiasme ! Nous r\u00e9pondons \u00e0 vos demandes en vous proposant des parcours sur-mesure pour d\u00e9velopper les comp\u00e9tences de vos collaborateurs.\u00a0\u00bb Consultante, Formatrice,\u00a0 Coach PNL et Dialogue Int\u00e9rieur, j&rsquo;accompagne Comit\u00e9s de Direction, Cadres et Collaborateurs, en : Management, Communication interpersonnelle, D\u00e9veloppement Commercial. \u00a0 \u00a0 \u00a0 \u00a0 \u00a0 \u00a0 \u00a0 \u00a0 \u00a0 \u00a0 \u00a0 \u00a0 \u00a0 \u00a0 \u00a0 \u00a0 \u00a0 \u00a0 \u00a0 \u00a0 \u00a0 \u00a0 \u00a0 \u00a0 \u00a0 \u00a0 \u00a0Ang\u00e9lique MAIRE \u00a0 \u00a0 \u00a0 Acc\u00e8s aux formations sur son site internet : amconseiletcoaching.fr Ce qui nous rassemble au sein du R\u00e9seau Ressources et Strat\u00e9gies : une \u00e9thique commune, des outils op\u00e9rants, une approche globale des situations, des organisations et des personnes. \u00ab\u00a0Apr\u00e8s avoir cr\u00e9\u00e9 et dirig\u00e9 Ressources et Strat\u00e9gies pendant trente deux ans, j&rsquo;ai \u00e9t\u00e9 amen\u00e9 \u00e0 modifier notre panorama professionnel en 2015 : Ressources et Strat\u00e9gies est devenue alors la marque : R\u00e9seau Ressources et Strat\u00e9gies. Cette marque f\u00e9d\u00e8re\u00a0 des consultants senior qui suivent la m\u00eame ligne \u00e9ditoriale qui fut la notre depuis toujours : \u00e9thique et pragmatisme.\u00a0\u00bb G\u00e9rard SZYMANSKI, juin 2015 Co-fondatrice de Ressources et Strat\u00e9gies, j&rsquo;interviens dans le domaine des relations humaines depuis plus de 30 ans en entreprise, pour les particuliers, et dans le monde de la sant\u00e9. Isabelle DEMARCY Coaching pour dirigeants et cadres, Interventions aupr\u00e8s des comit\u00e9s de direction et conseils d\u2019administration en coh\u00e9sion d\u2019\u00e9quipe, Accompagnement des personnes en d\u00e9veloppement personnel.\u00a0 \u00a0 \u00a0 \u00a0 \u00a0 \u00a0 \u00a0 \u00a0 \u00a0 \u00a0 \u00a0 \u00a0 \u00a0 \u00a0 \u00a0 \u00a0 \u00a0 \u00a0 \u00a0 \u00a0 \u00a0 \u00a0 \u00a0 \u00a0 \u00a0G\u00e9rard SZYMANSKI<\/p>\n","protected":false},"author":2,"featured_media":0,"parent":0,"menu_order":0,"comment_status":"closed","ping_status":"closed","template":"","meta":{"footnotes":""},"class_list":["post-11","page","type-page","status-publish","hentry"],"_links":{"self":[{"href":"https:\/\/ressourcesetstrategies.fr\/index.php\/wp-json\/wp\/v2\/pages\/11","targetHints":{"allow":["GET"]}}],"collection":[{"href":"https:\/\/ressourcesetstrategies.fr\/index.php\/wp-json\/wp\/v2\/pages"}],"about":[{"href":"https:\/\/ressourcesetstrategies.fr\/index.php\/wp-json\/wp\/v2\/types\/page"}],"author":[{"embeddable":true,"href":"https:\/\/ressourcesetstrategies.fr\/index.php\/wp-json\/wp\/v2\/users\/2"}],"replies":[{"embeddable":true,"href":"https:\/\/ressourcesetstrategies.fr\/index.php\/wp-json\/wp\/v2\/comments?post=11"}],"version-history":[{"count":22,"href":"https:\/\/ressourcesetstrategies.fr\/index.php\/wp-json\/wp\/v2\/pages\/11\/revisions"}],"predecessor-version":[{"id":67,"href":"https:\/\/ressourcesetstrategies.fr\/index.php\/wp-json\/wp\/v2\/pages\/11\/revisions\/67"}],"wp:attachment":[{"href":"https:\/\/ressourcesetstrategies.fr\/index.php\/wp-json\/wp\/v2\/media?parent=11"}],"curies":[{"name":"wp","href":"https:\/\/api.w.org\/{rel}","templated":true}]}}